{"id":147,"date":"2017-03-13T17:12:51","date_gmt":"2017-03-13T16:12:51","guid":{"rendered":"https:\/\/www.trainbowbelgium.be\/wordpress\/?page_id=147\/"},"modified":"2025-10-09T14:26:04","modified_gmt":"2025-10-09T12:26:04","slug":"organisation","status":"publish","type":"page","link":"https:\/\/www.trainbowbelgium.be\/fr\/organisation\/","title":{"rendered":"Organisation"},"content":{"rendered":"\t\t<div data-elementor-type=\"wp-page\" data-elementor-id=\"147\" class=\"elementor elementor-147 elementor-21\">\n\t\t\t\t<div class=\"elementor-element elementor-element-13671cd e-flex e-con-boxed e-con e-parent\" data-id=\"13671cd\" data-element_type=\"container\">\n\t\t\t\t\t<div class=\"e-con-inner\">\n\t\t\t\t<div class=\"elementor-element elementor-element-77063ad elementor-widget elementor-widget-heading\" data-id=\"77063ad\" data-element_type=\"widget\" data-widget_type=\"heading.default\">\n\t\t\t\t<div class=\"elementor-widget-container\">\n\t\t\t\t\t<h2 class=\"elementor-heading-title elementor-size-default\">\u00c0 propos de nous<\/h2>\t\t\t\t<\/div>\n\t\t\t\t<\/div>\n\t\t\t\t<div class=\"elementor-element elementor-element-93f97c8 elementor-widget elementor-widget-text-editor\" data-id=\"93f97c8\" data-element_type=\"widget\" data-widget_type=\"text-editor.default\">\n\t\t\t\t<div class=\"elementor-widget-container\">\n\t\t\t\t\t\t\t\t\t<p>Trainbow Belgium est une association cr\u00e9\u00e9e \u00e0 l\u2019attention des coll\u00e8gues LGBT+ qui travaillent au sein des chemins de fer belges et de leurs filiales.<\/p>\n<p>Outre l\u2019organisation d\u2019activit\u00e9s de d\u00e9tente qui nous permettent de nous rencontrer, Trainbow Belgium a pour objectif de favoriser le bien-\u00eatre et de faciliter l\u2019\u00e9mancipation des coll\u00e8gues LGBT+ et transgenres sur leur lieu de travail.<br \/>Il est \u00e9vident que toute personne qui tient \u00e0 c\u0153ur et pr\u00f4ne la diversit\u00e9 est aussi la bienvenue au sein de notre association.<\/p>\n\t\t\t\t\t\t\t\t<\/div>\n\t\t\t\t<\/div>\n\t\t\t\t<div class=\"elementor-element elementor-element-17e955a elementor-widget elementor-widget-heading\" data-id=\"17e955a\" data-element_type=\"widget\" data-widget_type=\"heading.default\">\n\t\t\t\t<div class=\"elementor-widget-container\">\n\t\t\t\t\t<h2 class=\"elementor-heading-title elementor-size-default\">Qui<\/h2>\t\t\t\t<\/div>\n\t\t\t\t<\/div>\n\t\t<div class=\"elementor-element elementor-element-0c0ea16 e-con-full e-grid e-con e-child\" data-id=\"0c0ea16\" data-element_type=\"container\">\n\t\t\t\t<div class=\"elementor-element elementor-element-617f293 elementor-position-top elementor-widget elementor-widget-image-box\" data-id=\"617f293\" data-element_type=\"widget\" data-widget_type=\"image-box.default\">\n\t\t\t\t<div class=\"elementor-widget-container\">\n\t\t\t\t\t<div class=\"elementor-image-box-wrapper\"><figure class=\"elementor-image-box-img\"><img decoding=\"async\" width=\"150\" height=\"150\" src=\"https:\/\/www.trainbowbelgium.be\/wp-content\/uploads\/2025\/10\/IMG_0006-150x150.jpg\" class=\"attachment-thumbnail size-thumbnail wp-image-2749\" alt=\"Ramses\" srcset=\"https:\/\/www.trainbowbelgium.be\/wp-content\/uploads\/2025\/10\/IMG_0006-150x150.jpg 150w, https:\/\/www.trainbowbelgium.be\/wp-content\/uploads\/2025\/10\/IMG_0006-300x300.jpg 300w, https:\/\/www.trainbowbelgium.be\/wp-content\/uploads\/2025\/10\/IMG_0006-1024x1024.jpg 1024w, https:\/\/www.trainbowbelgium.be\/wp-content\/uploads\/2025\/10\/IMG_0006-768x768.jpg 768w, https:\/\/www.trainbowbelgium.be\/wp-content\/uploads\/2025\/10\/IMG_0006-600x600.jpg 600w, https:\/\/www.trainbowbelgium.be\/wp-content\/uploads\/2025\/10\/IMG_0006-100x100.jpg 100w, https:\/\/www.trainbowbelgium.be\/wp-content\/uploads\/2025\/10\/IMG_0006.jpg 1398w\" sizes=\"(max-width: 150px) 100vw, 150px\" \/><\/figure><div class=\"elementor-image-box-content\"><h4 class=\"elementor-image-box-title\">Ramses<\/h4><p class=\"elementor-image-box-description\">Pr\u00e9sident<\/p><\/div><\/div>\t\t\t\t<\/div>\n\t\t\t\t<\/div>\n\t\t\t\t<div class=\"elementor-element elementor-element-befbc15 elementor-position-top elementor-widget elementor-widget-image-box\" data-id=\"befbc15\" data-element_type=\"widget\" data-widget_type=\"image-box.default\">\n\t\t\t\t<div class=\"elementor-widget-container\">\n\t\t\t\t\t<div class=\"elementor-image-box-wrapper\"><figure class=\"elementor-image-box-img\"><img decoding=\"async\" width=\"150\" height=\"150\" src=\"https:\/\/www.trainbowbelgium.be\/wp-content\/uploads\/2017\/06\/philippe-150x150.png\" class=\"attachment-thumbnail size-thumbnail wp-image-887\" alt=\"Philippe Rosseels\" srcset=\"https:\/\/www.trainbowbelgium.be\/wp-content\/uploads\/2017\/06\/philippe-150x150.png 150w, https:\/\/www.trainbowbelgium.be\/wp-content\/uploads\/2017\/06\/philippe-100x100.png 100w, https:\/\/www.trainbowbelgium.be\/wp-content\/uploads\/2017\/06\/philippe.png 156w\" sizes=\"(max-width: 150px) 100vw, 150px\" \/><\/figure><div class=\"elementor-image-box-content\"><h4 class=\"elementor-image-box-title\">Philippe<\/h4><p class=\"elementor-image-box-description\">Co-pr\u00e9sident FR<\/p><\/div><\/div>\t\t\t\t<\/div>\n\t\t\t\t<\/div>\n\t\t\t\t<div class=\"elementor-element elementor-element-eff2af2 elementor-position-top elementor-widget elementor-widget-image-box\" data-id=\"eff2af2\" data-element_type=\"widget\" data-widget_type=\"image-box.default\">\n\t\t\t\t<div class=\"elementor-widget-container\">\n\t\t\t\t\t<div class=\"elementor-image-box-wrapper\"><figure class=\"elementor-image-box-img\"><img decoding=\"async\" width=\"150\" height=\"150\" src=\"https:\/\/www.trainbowbelgium.be\/wp-content\/uploads\/2017\/03\/matthew-150x150.png\" class=\"attachment-thumbnail size-thumbnail wp-image-846\" alt=\"Matthew Priem\" srcset=\"https:\/\/www.trainbowbelgium.be\/wp-content\/uploads\/2017\/03\/matthew-150x150.png 150w, https:\/\/www.trainbowbelgium.be\/wp-content\/uploads\/2017\/03\/matthew-100x100.png 100w, https:\/\/www.trainbowbelgium.be\/wp-content\/uploads\/2017\/03\/matthew.png 277w\" sizes=\"(max-width: 150px) 100vw, 150px\" \/><\/figure><div class=\"elementor-image-box-content\"><h4 class=\"elementor-image-box-title\">Matthew<\/h4><p class=\"elementor-image-box-description\">Secr\u00e9taire<\/p><\/div><\/div>\t\t\t\t<\/div>\n\t\t\t\t<\/div>\n\t\t\t\t<div class=\"elementor-element elementor-element-0945634 elementor-position-top elementor-widget elementor-widget-image-box\" data-id=\"0945634\" data-element_type=\"widget\" data-widget_type=\"image-box.default\">\n\t\t\t\t<div class=\"elementor-widget-container\">\n\t\t\t\t\t<div class=\"elementor-image-box-wrapper\"><figure class=\"elementor-image-box-img\"><img loading=\"lazy\" decoding=\"async\" width=\"150\" height=\"150\" src=\"https:\/\/www.trainbowbelgium.be\/wp-content\/uploads\/2017\/03\/nick-150x150.png\" class=\"attachment-thumbnail size-thumbnail wp-image-847\" alt=\"Nick\" srcset=\"https:\/\/www.trainbowbelgium.be\/wp-content\/uploads\/2017\/03\/nick-150x150.png 150w, https:\/\/www.trainbowbelgium.be\/wp-content\/uploads\/2017\/03\/nick.png 300w, https:\/\/www.trainbowbelgium.be\/wp-content\/uploads\/2017\/03\/nick-100x100.png 100w\" sizes=\"(max-width: 150px) 100vw, 150px\" \/><\/figure><div class=\"elementor-image-box-content\"><h4 class=\"elementor-image-box-title\">Nick<\/h4><p class=\"elementor-image-box-description\">Tr\u00e9sorier<\/p><\/div><\/div>\t\t\t\t<\/div>\n\t\t\t\t<\/div>\n\t\t\t\t<\/div>\n\t\t\t\t<div class=\"elementor-element elementor-element-611eb07 elementor-widget elementor-widget-heading\" data-id=\"611eb07\" data-element_type=\"widget\" data-widget_type=\"heading.default\">\n\t\t\t\t<div class=\"elementor-widget-container\">\n\t\t\t\t\t<h2 class=\"elementor-heading-title elementor-size-default\">Histoire<\/h2>\t\t\t\t<\/div>\n\t\t\t\t<\/div>\n\t\t\t\t<div class=\"elementor-element elementor-element-9159f50 elementor-widget elementor-widget-text-editor\" data-id=\"9159f50\" data-element_type=\"widget\" data-widget_type=\"text-editor.default\">\n\t\t\t\t<div class=\"elementor-widget-container\">\n\t\t\t\t\t\t\t\t\t<p>Trainbow Belgium r\u00e9sulte d\u2019une initiative prise par quelques coll\u00e8gues qui souhaitent se r\u00e9unir et s\u2019investir pour le bien-\u00eatre de la communaut\u00e9 LGBT+ au sein des chemins de fer.<br \/>Suite \u00e0 plusieurs r\u00e9actions n\u00e9gatives lors de son coming-out, le fondateur et actuel pr\u00e9sident de l\u2019association, Ramses Noffels \u00a0avait d\u00e9j\u00e0 en 2013 pris quelques initiatives qui n\u2019avaient malheureusement pas pu aboutir sans la collaboration des directions des chemins de fer.<\/p>\n<p>En 2015, une nouvelle tentative couronn\u00e9e de succ\u00e8s: \u00a0Trainbow Belgium vu le jour d\u00e9but 2016 avec la collaboration d\u2019autres coll\u00e8gues .<\/p>\n<p>Le nom de Trainbow a \u00e9t\u00e9 largement inspir\u00e9 par nos voisins du Nord.\u00a0 En effet, Trainbow Nederland existe depuis bien longtemps au sein des chemins de fer n\u00e9erlandais.<\/p>\n<p>En date du 21 avril 2016, Trainbow Belgium prit officiellement forme avec la signature des statuts.<\/p>\n\t\t\t\t\t\t\t\t<\/div>\n\t\t\t\t<\/div>\n\t\t\t\t<div class=\"elementor-element elementor-element-755ceba elementor-widget elementor-widget-heading\" data-id=\"755ceba\" data-element_type=\"widget\" data-widget_type=\"heading.default\">\n\t\t\t\t<div class=\"elementor-widget-container\">\n\t\t\t\t\t<h2 class=\"elementor-heading-title elementor-size-default\">Logo's<\/h2>\t\t\t\t<\/div>\n\t\t\t\t<\/div>\n\t\t<div class=\"elementor-element elementor-element-8eb0c26 e-grid e-con-full e-con e-child\" data-id=\"8eb0c26\" data-element_type=\"container\">\n\t\t\t\t<div class=\"elementor-element elementor-element-2b5590a elementor-position-top elementor-widget elementor-widget-image-box\" data-id=\"2b5590a\" data-element_type=\"widget\" data-widget_type=\"image-box.default\">\n\t\t\t\t<div class=\"elementor-widget-container\">\n\t\t\t\t\t<div class=\"elementor-image-box-wrapper\"><figure class=\"elementor-image-box-img\"><img loading=\"lazy\" decoding=\"async\" width=\"2862\" height=\"878\" src=\"https:\/\/www.trainbowbelgium.be\/wp-content\/uploads\/2023\/01\/Trainbow-belgium.png\" class=\"attachment-full size-full wp-image-2000\" alt=\"Trainbow Belgium Logo\" srcset=\"https:\/\/www.trainbowbelgium.be\/wp-content\/uploads\/2023\/01\/Trainbow-belgium.png 2862w, https:\/\/www.trainbowbelgium.be\/wp-content\/uploads\/2023\/01\/Trainbow-belgium-300x92.png 300w, https:\/\/www.trainbowbelgium.be\/wp-content\/uploads\/2023\/01\/Trainbow-belgium-1024x314.png 1024w, https:\/\/www.trainbowbelgium.be\/wp-content\/uploads\/2023\/01\/Trainbow-belgium-768x236.png 768w, https:\/\/www.trainbowbelgium.be\/wp-content\/uploads\/2023\/01\/Trainbow-belgium-1536x471.png 1536w, https:\/\/www.trainbowbelgium.be\/wp-content\/uploads\/2023\/01\/Trainbow-belgium-2048x628.png 2048w, https:\/\/www.trainbowbelgium.be\/wp-content\/uploads\/2023\/01\/Trainbow-belgium-600x184.png 600w\" sizes=\"(max-width: 2862px) 100vw, 2862px\" \/><\/figure><div class=\"elementor-image-box-content\"><p class=\"elementor-image-box-description\">Logo Trainbow<\/p><\/div><\/div>\t\t\t\t<\/div>\n\t\t\t\t<\/div>\n\t\t\t\t<div class=\"elementor-element elementor-element-0716ec1 elementor-position-top elementor-widget elementor-widget-image-box\" data-id=\"0716ec1\" data-element_type=\"widget\" data-widget_type=\"image-box.default\">\n\t\t\t\t<div class=\"elementor-widget-container\">\n\t\t\t\t\t<div class=\"elementor-image-box-wrapper\"><figure class=\"elementor-image-box-img\"><img loading=\"lazy\" decoding=\"async\" width=\"2862\" height=\"878\" src=\"https:\/\/www.trainbowbelgium.be\/wp-content\/uploads\/2023\/01\/Trainbow-belgium-zwart.png\" class=\"attachment-full size-full wp-image-1998\" alt=\"Trainbow Belgium logo black\" srcset=\"https:\/\/www.trainbowbelgium.be\/wp-content\/uploads\/2023\/01\/Trainbow-belgium-zwart.png 2862w, https:\/\/www.trainbowbelgium.be\/wp-content\/uploads\/2023\/01\/Trainbow-belgium-zwart-300x92.png 300w, https:\/\/www.trainbowbelgium.be\/wp-content\/uploads\/2023\/01\/Trainbow-belgium-zwart-1024x314.png 1024w, https:\/\/www.trainbowbelgium.be\/wp-content\/uploads\/2023\/01\/Trainbow-belgium-zwart-768x236.png 768w, https:\/\/www.trainbowbelgium.be\/wp-content\/uploads\/2023\/01\/Trainbow-belgium-zwart-1536x471.png 1536w, https:\/\/www.trainbowbelgium.be\/wp-content\/uploads\/2023\/01\/Trainbow-belgium-zwart-2048x628.png 2048w, https:\/\/www.trainbowbelgium.be\/wp-content\/uploads\/2023\/01\/Trainbow-belgium-zwart-600x184.png 600w\" sizes=\"(max-width: 2862px) 100vw, 2862px\" \/><\/figure><div class=\"elementor-image-box-content\"><p class=\"elementor-image-box-description\">Logo Trainbow noir<\/p><\/div><\/div>\t\t\t\t<\/div>\n\t\t\t\t<\/div>\n\t\t\t\t<\/div>\n\t\t\t\t\t<\/div>\n\t\t\t\t<\/div>\n\t\t\t\t<\/div>\n\t\t","protected":false},"excerpt":{"rendered":"<p>\u00c0 propos de nous Trainbow Belgium est une association cr\u00e9\u00e9e \u00e0 l\u2019attention des coll\u00e8gues LGBT+ qui travaillent au sein des [&hellip;]<\/p>\n","protected":false},"author":1,"featured_media":0,"parent":0,"menu_order":0,"comment_status":"closed","ping_status":"closed","template":"","meta":{"site-sidebar-layout":"default","site-content-layout":"","ast-site-content-layout":"default","site-content-style":"default","site-sidebar-style":"default","ast-global-header-display":"","ast-banner-title-visibility":"","ast-main-header-display":"","ast-hfb-above-header-display":"","ast-hfb-below-header-display":"","ast-hfb-mobile-header-display":"","site-post-title":"","ast-breadcrumbs-content":"","ast-featured-img":"","footer-sml-layout":"","ast-disable-related-posts":"","theme-transparent-header-meta":"default","adv-header-id-meta":"","stick-header-meta":"","header-above-stick-meta":"","header-main-stick-meta":"","header-below-stick-meta":"","astra-migrate-meta-layouts":"set","ast-page-background-enabled":"default","ast-page-background-meta":{"desktop":{"background-color":"var(--ast-global-color-4)","background-image":"","background-repeat":"repeat","background-position":"center center","background-size":"auto","background-attachment":"scroll","background-type":"","background-media":"","overlay-type":"","overlay-color":"","overlay-opacity":"","overlay-gradient":""},"tablet":{"background-color":"","background-image":"","background-repeat":"repeat","background-position":"center center","background-size":"auto","background-attachment":"scroll","background-type":"","background-media":"","overlay-type":"","overlay-color":"","overlay-opacity":"","overlay-gradient":""},"mobile":{"background-color":"","background-image":"","background-repeat":"repeat","background-position":"center center","background-size":"auto","background-attachment":"scroll","background-type":"","background-media":"","overlay-type":"","overlay-color":"","overlay-opacity":"","overlay-gradient":""}},"ast-content-background-meta":{"desktop":{"background-color":"var(--ast-global-color-5)","background-image":"","background-repeat":"repeat","background-position":"center center","background-size":"auto","background-attachment":"scroll","background-type":"","background-media":"","overlay-type":"","overlay-color":"","overlay-opacity":"","overlay-gradient":""},"tablet":{"background-color":"var(--ast-global-color-5)","background-image":"","background-repeat":"repeat","background-position":"center center","background-size":"auto","background-attachment":"scroll","background-type":"","background-media":"","overlay-type":"","overlay-color":"","overlay-opacity":"","overlay-gradient":""},"mobile":{"background-color":"var(--ast-global-color-5)","background-image":"","background-repeat":"repeat","background-position":"center center","background-size":"auto","background-attachment":"scroll","background-type":"","background-media":"","overlay-type":"","overlay-color":"","overlay-opacity":"","overlay-gradient":""}},"footnotes":"","_links_to":"","_links_to_target":""},"class_list":["post-147","page","type-page","status-publish","hentry"],"yoast_head":"<!-- This site is optimized with the Yoast SEO plugin v27.5 - https:\/\/yoast.com\/product\/yoast-seo-wordpress\/ -->\n<title>Organisation - Trainbow Belgium vzw<\/title>\n<meta name=\"robots\" content=\"index, follow, max-snippet:-1, max-image-preview:large, max-video-preview:-1\" \/>\n<link rel=\"canonical\" href=\"https:\/\/www.trainbowbelgium.be\/fr\/organisation\/\" \/>\n<meta property=\"og:locale\" content=\"fr_FR\" \/>\n<meta property=\"og:type\" content=\"article\" \/>\n<meta property=\"og:title\" content=\"Organisation - Trainbow Belgium vzw\" \/>\n<meta property=\"og:description\" content=\"\u00c0 propos de nous Trainbow Belgium est une association cr\u00e9\u00e9e \u00e0 l\u2019attention des coll\u00e8gues LGBT+ qui travaillent au sein des [&hellip;]\" \/>\n<meta property=\"og:url\" content=\"https:\/\/www.trainbowbelgium.be\/fr\/organisation\/\" \/>\n<meta property=\"og:site_name\" content=\"Trainbow Belgium vzw\" \/>\n<meta property=\"article:publisher\" content=\"https:\/\/www.facebook.com\/TrainbowBelgium\" \/>\n<meta property=\"article:modified_time\" content=\"2025-10-09T12:26:04+00:00\" \/>\n<meta property=\"og:image\" content=\"https:\/\/www.trainbowbelgium.be\/wp-content\/uploads\/2025\/10\/IMG_0006-150x150.jpg\" \/>\n<meta name=\"twitter:card\" content=\"summary_large_image\" \/>\n<meta name=\"twitter:site\" content=\"@TrainbowBelgium\" \/>\n<meta name=\"twitter:label1\" content=\"Dur\u00e9e de lecture estim\u00e9e\" \/>\n\t<meta name=\"twitter:data1\" content=\"3 minutes\" \/>\n<script type=\"application\/ld+json\" class=\"yoast-schema-graph\">{\"@context\":\"https:\\\/\\\/schema.org\",\"@graph\":[{\"@type\":\"WebPage\",\"@id\":\"https:\\\/\\\/www.trainbowbelgium.be\\\/fr\\\/organisation\\\/\",\"url\":\"https:\\\/\\\/www.trainbowbelgium.be\\\/fr\\\/organisation\\\/\",\"name\":\"Organisation - Trainbow Belgium vzw\",\"isPartOf\":{\"@id\":\"https:\\\/\\\/www.trainbowbelgium.be\\\/fr\\\/#website\"},\"primaryImageOfPage\":{\"@id\":\"https:\\\/\\\/www.trainbowbelgium.be\\\/fr\\\/organisation\\\/#primaryimage\"},\"image\":{\"@id\":\"https:\\\/\\\/www.trainbowbelgium.be\\\/fr\\\/organisation\\\/#primaryimage\"},\"thumbnailUrl\":\"https:\\\/\\\/www.trainbowbelgium.be\\\/wp-content\\\/uploads\\\/2025\\\/10\\\/IMG_0006-150x150.jpg\",\"datePublished\":\"2017-03-13T16:12:51+00:00\",\"dateModified\":\"2025-10-09T12:26:04+00:00\",\"breadcrumb\":{\"@id\":\"https:\\\/\\\/www.trainbowbelgium.be\\\/fr\\\/organisation\\\/#breadcrumb\"},\"inLanguage\":\"fr-FR\",\"potentialAction\":[{\"@type\":\"ReadAction\",\"target\":[\"https:\\\/\\\/www.trainbowbelgium.be\\\/fr\\\/organisation\\\/\"]}]},{\"@type\":\"ImageObject\",\"inLanguage\":\"fr-FR\",\"@id\":\"https:\\\/\\\/www.trainbowbelgium.be\\\/fr\\\/organisation\\\/#primaryimage\",\"url\":\"https:\\\/\\\/www.trainbowbelgium.be\\\/wp-content\\\/uploads\\\/2025\\\/10\\\/IMG_0006-150x150.jpg\",\"contentUrl\":\"https:\\\/\\\/www.trainbowbelgium.be\\\/wp-content\\\/uploads\\\/2025\\\/10\\\/IMG_0006-150x150.jpg\"},{\"@type\":\"BreadcrumbList\",\"@id\":\"https:\\\/\\\/www.trainbowbelgium.be\\\/fr\\\/organisation\\\/#breadcrumb\",\"itemListElement\":[{\"@type\":\"ListItem\",\"position\":1,\"name\":\"Home\",\"item\":\"https:\\\/\\\/www.trainbowbelgium.be\\\/fr\\\/bienvenue-2\\\/\"},{\"@type\":\"ListItem\",\"position\":2,\"name\":\"Organisation\"}]},{\"@type\":\"WebSite\",\"@id\":\"https:\\\/\\\/www.trainbowbelgium.be\\\/fr\\\/#website\",\"url\":\"https:\\\/\\\/www.trainbowbelgium.be\\\/fr\\\/\",\"name\":\"Trainbow Belgium vzw\",\"description\":\"For LGBT&#039;s working at the Belgian railway companies\",\"publisher\":{\"@id\":\"https:\\\/\\\/www.trainbowbelgium.be\\\/fr\\\/#organization\"},\"potentialAction\":[{\"@type\":\"SearchAction\",\"target\":{\"@type\":\"EntryPoint\",\"urlTemplate\":\"https:\\\/\\\/www.trainbowbelgium.be\\\/fr\\\/?s={search_term_string}\"},\"query-input\":{\"@type\":\"PropertyValueSpecification\",\"valueRequired\":true,\"valueName\":\"search_term_string\"}}],\"inLanguage\":\"fr-FR\"},{\"@type\":\"Organization\",\"@id\":\"https:\\\/\\\/www.trainbowbelgium.be\\\/fr\\\/#organization\",\"name\":\"Trainbow Belgium vzw\",\"url\":\"https:\\\/\\\/www.trainbowbelgium.be\\\/fr\\\/\",\"logo\":{\"@type\":\"ImageObject\",\"inLanguage\":\"fr-FR\",\"@id\":\"https:\\\/\\\/www.trainbowbelgium.be\\\/fr\\\/#\\\/schema\\\/logo\\\/image\\\/\",\"url\":\"https:\\\/\\\/www.trainbowbelgium.be\\\/wp-content\\\/uploads\\\/2017\\\/03\\\/Trainbow-belgium.png\",\"contentUrl\":\"https:\\\/\\\/www.trainbowbelgium.be\\\/wp-content\\\/uploads\\\/2017\\\/03\\\/Trainbow-belgium.png\",\"width\":2337,\"height\":579,\"caption\":\"Trainbow Belgium vzw\"},\"image\":{\"@id\":\"https:\\\/\\\/www.trainbowbelgium.be\\\/fr\\\/#\\\/schema\\\/logo\\\/image\\\/\"},\"sameAs\":[\"https:\\\/\\\/www.facebook.com\\\/TrainbowBelgium\",\"https:\\\/\\\/x.com\\\/TrainbowBelgium\"]}]}<\/script>\n<!-- \/ Yoast SEO plugin. -->","yoast_head_json":{"title":"Organisation - Trainbow Belgium vzw","robots":{"index":"index","follow":"follow","max-snippet":"max-snippet:-1","max-image-preview":"max-image-preview:large","max-video-preview":"max-video-preview:-1"},"canonical":"https:\/\/www.trainbowbelgium.be\/fr\/organisation\/","og_locale":"fr_FR","og_type":"article","og_title":"Organisation - Trainbow Belgium vzw","og_description":"\u00c0 propos de nous Trainbow Belgium est une association cr\u00e9\u00e9e \u00e0 l\u2019attention des coll\u00e8gues LGBT+ qui travaillent au sein des [&hellip;]","og_url":"https:\/\/www.trainbowbelgium.be\/fr\/organisation\/","og_site_name":"Trainbow Belgium vzw","article_publisher":"https:\/\/www.facebook.com\/TrainbowBelgium","article_modified_time":"2025-10-09T12:26:04+00:00","og_image":[{"url":"https:\/\/www.trainbowbelgium.be\/wp-content\/uploads\/2025\/10\/IMG_0006-150x150.jpg","type":"","width":"","height":""}],"twitter_card":"summary_large_image","twitter_site":"@TrainbowBelgium","twitter_misc":{"Dur\u00e9e de lecture estim\u00e9e":"3 minutes"},"schema":{"@context":"https:\/\/schema.org","@graph":[{"@type":"WebPage","@id":"https:\/\/www.trainbowbelgium.be\/fr\/organisation\/","url":"https:\/\/www.trainbowbelgium.be\/fr\/organisation\/","name":"Organisation - Trainbow Belgium vzw","isPartOf":{"@id":"https:\/\/www.trainbowbelgium.be\/fr\/#website"},"primaryImageOfPage":{"@id":"https:\/\/www.trainbowbelgium.be\/fr\/organisation\/#primaryimage"},"image":{"@id":"https:\/\/www.trainbowbelgium.be\/fr\/organisation\/#primaryimage"},"thumbnailUrl":"https:\/\/www.trainbowbelgium.be\/wp-content\/uploads\/2025\/10\/IMG_0006-150x150.jpg","datePublished":"2017-03-13T16:12:51+00:00","dateModified":"2025-10-09T12:26:04+00:00","breadcrumb":{"@id":"https:\/\/www.trainbowbelgium.be\/fr\/organisation\/#breadcrumb"},"inLanguage":"fr-FR","potentialAction":[{"@type":"ReadAction","target":["https:\/\/www.trainbowbelgium.be\/fr\/organisation\/"]}]},{"@type":"ImageObject","inLanguage":"fr-FR","@id":"https:\/\/www.trainbowbelgium.be\/fr\/organisation\/#primaryimage","url":"https:\/\/www.trainbowbelgium.be\/wp-content\/uploads\/2025\/10\/IMG_0006-150x150.jpg","contentUrl":"https:\/\/www.trainbowbelgium.be\/wp-content\/uploads\/2025\/10\/IMG_0006-150x150.jpg"},{"@type":"BreadcrumbList","@id":"https:\/\/www.trainbowbelgium.be\/fr\/organisation\/#breadcrumb","itemListElement":[{"@type":"ListItem","position":1,"name":"Home","item":"https:\/\/www.trainbowbelgium.be\/fr\/bienvenue-2\/"},{"@type":"ListItem","position":2,"name":"Organisation"}]},{"@type":"WebSite","@id":"https:\/\/www.trainbowbelgium.be\/fr\/#website","url":"https:\/\/www.trainbowbelgium.be\/fr\/","name":"Trainbow Belgium vzw","description":"For LGBT&#039;s working at the Belgian railway companies","publisher":{"@id":"https:\/\/www.trainbowbelgium.be\/fr\/#organization"},"potentialAction":[{"@type":"SearchAction","target":{"@type":"EntryPoint","urlTemplate":"https:\/\/www.trainbowbelgium.be\/fr\/?s={search_term_string}"},"query-input":{"@type":"PropertyValueSpecification","valueRequired":true,"valueName":"search_term_string"}}],"inLanguage":"fr-FR"},{"@type":"Organization","@id":"https:\/\/www.trainbowbelgium.be\/fr\/#organization","name":"Trainbow Belgium vzw","url":"https:\/\/www.trainbowbelgium.be\/fr\/","logo":{"@type":"ImageObject","inLanguage":"fr-FR","@id":"https:\/\/www.trainbowbelgium.be\/fr\/#\/schema\/logo\/image\/","url":"https:\/\/www.trainbowbelgium.be\/wp-content\/uploads\/2017\/03\/Trainbow-belgium.png","contentUrl":"https:\/\/www.trainbowbelgium.be\/wp-content\/uploads\/2017\/03\/Trainbow-belgium.png","width":2337,"height":579,"caption":"Trainbow Belgium vzw"},"image":{"@id":"https:\/\/www.trainbowbelgium.be\/fr\/#\/schema\/logo\/image\/"},"sameAs":["https:\/\/www.facebook.com\/TrainbowBelgium","https:\/\/x.com\/TrainbowBelgium"]}]}},"_links":{"self":[{"href":"https:\/\/www.trainbowbelgium.be\/fr\/wp-json\/wp\/v2\/pages\/147","targetHints":{"allow":["GET"]}}],"collection":[{"href":"https:\/\/www.trainbowbelgium.be\/fr\/wp-json\/wp\/v2\/pages"}],"about":[{"href":"https:\/\/www.trainbowbelgium.be\/fr\/wp-json\/wp\/v2\/types\/page"}],"author":[{"embeddable":true,"href":"https:\/\/www.trainbowbelgium.be\/fr\/wp-json\/wp\/v2\/users\/1"}],"replies":[{"embeddable":true,"href":"https:\/\/www.trainbowbelgium.be\/fr\/wp-json\/wp\/v2\/comments?post=147"}],"version-history":[{"count":9,"href":"https:\/\/www.trainbowbelgium.be\/fr\/wp-json\/wp\/v2\/pages\/147\/revisions"}],"predecessor-version":[{"id":2762,"href":"https:\/\/www.trainbowbelgium.be\/fr\/wp-json\/wp\/v2\/pages\/147\/revisions\/2762"}],"wp:attachment":[{"href":"https:\/\/www.trainbowbelgium.be\/fr\/wp-json\/wp\/v2\/media?parent=147"}],"curies":[{"name":"wp","href":"https:\/\/api.w.org\/{rel}","templated":true}]}}