{"id":267,"date":"2017-04-12T17:10:47","date_gmt":"2017-04-12T15:10:47","guid":{"rendered":"https:\/\/www.trainbowbelgium.be\/?page_id=267\/"},"modified":"2025-11-29T06:48:21","modified_gmt":"2025-11-29T05:48:21","slug":"partners","status":"publish","type":"page","link":"https:\/\/www.trainbowbelgium.be\/fr\/partners\/","title":{"rendered":"Partners"},"content":{"rendered":"<div id=\"pl-267\"  class=\"panel-layout\" ><div id=\"pg-267-0\"  class=\"panel-grid panel-no-style\" ><div id=\"pgc-267-0-0\"  class=\"panel-grid-cell\" ><div id=\"panel-267-0-0-0\" class=\"so-panel widget widget_sow-image panel-first-child panel-last-child\" data-index=\"0\" ><div\n\t\t\t\n\t\t\tclass=\"so-widget-sow-image so-widget-sow-image-default-c67d20f9f743-267\"\n\t\t\t\n\t\t>\n<div class=\"sow-image-container\">\n\t\t\t<a href=\"https:\/\/cavaria.be\/\"\n\t\t\ttarget=\"_blank\" rel=\"noopener noreferrer\" \t\t>\n\t\t\t<img \n\tsrc=\"https:\/\/www.trainbowbelgium.be\/wp-content\/uploads\/2019\/08\/cavaria.png\" width=\"285\" height=\"71\" sizes=\"(max-width: 285px) 100vw, 285px\" title=\"\u00e7avaria\" alt=\"\u00e7avaria\" \t\tclass=\"so-widget-image\"\/>\n\t\t\t<\/a><\/div>\n\n<\/div><\/div><\/div><div id=\"pgc-267-0-1\"  class=\"panel-grid-cell\" ><div id=\"panel-267-0-1-0\" class=\"so-panel widget widget_sow-image panel-first-child panel-last-child\" data-index=\"1\" ><div\n\t\t\t\n\t\t\tclass=\"so-widget-sow-image so-widget-sow-image-default-c67d20f9f743-267\"\n\t\t\t\n\t\t>\n<div class=\"sow-image-container\">\n\t\t\t<a href=\"https:\/\/fedweb.belgium.be\/nl\/over_de_organisatie\/over_de_federale_overheid\/missie_visie_waarden\/gelijke_kansen_en_diversiteit-2\"\n\t\t\ttarget=\"_blank\" rel=\"noopener noreferrer\" \t\t>\n\t\t\t<img fetchpriority=\"high\" \n\tsrc=\"https:\/\/www.trainbowbelgium.be\/wp-content\/uploads\/2019\/08\/beproud.png\" width=\"500\" height=\"294\" srcset=\"https:\/\/www.trainbowbelgium.be\/wp-content\/uploads\/2019\/08\/beproud.png 500w, https:\/\/www.trainbowbelgium.be\/wp-content\/uploads\/2019\/08\/beproud-300x176.png 300w\" sizes=\"(max-width: 500px) 100vw, 500px\" title=\".beproud!\" alt=\".beproud!\" \t\tclass=\"so-widget-image\"\/>\n\t\t\t<\/a><\/div>\n\n<\/div><\/div><\/div><div id=\"pgc-267-0-2\"  class=\"panel-grid-cell\" ><div id=\"panel-267-0-2-0\" class=\"so-panel widget widget_sow-image panel-first-child panel-last-child\" data-index=\"2\" ><div\n\t\t\t\n\t\t\tclass=\"so-widget-sow-image so-widget-sow-image-default-8b5b6f678277-267\"\n\t\t\t\n\t\t>\n<div class=\"sow-image-container\">\n\t\t<img \n\tsrc=\"https:\/\/www.trainbowbelgium.be\/wp-content\/uploads\/2021\/12\/Trainbow-NS.png\" width=\"213\" height=\"151\" sizes=\"(max-width: 213px) 100vw, 213px\" title=\"Trainbow NS\" alt=\"Trainbow ProRail\" \t\tclass=\"so-widget-image\"\/>\n\t<\/div>\n\n<h3 class=\"widget-title\">Trainbow NS<\/h3><\/div><\/div><\/div><\/div><div id=\"pg-267-1\"  class=\"panel-grid panel-no-style\" ><div id=\"pgc-267-1-0\"  class=\"panel-grid-cell\" ><div id=\"panel-267-1-0-0\" class=\"so-panel widget widget_sow-editor panel-first-child panel-last-child\" data-index=\"3\" ><div\n\t\t\t\n\t\t\tclass=\"so-widget-sow-editor so-widget-sow-editor-base\"\n\t\t\t\n\t\t>\n<div class=\"siteorigin-widget-tinymce textwidget\">\n\t<h1 style=\"text-align: center;\"><strong>\u00e7avaria<\/strong><\/h1>\n<p style=\"text-align: center;\">Organisation qui d\u00e9fend les int\u00e9r\u00eats de la communaut\u00e9 holebi et transgenre des r\u00e9gions flamandes et bruxelloises. \u00c7avaria regroupe plus de 130 associations affil\u00e9es dont Trainbow Belgium.<\/p>\n<\/div>\n<\/div><\/div><\/div><div id=\"pgc-267-1-1\"  class=\"panel-grid-cell\" ><div id=\"panel-267-1-1-0\" class=\"so-panel widget widget_sow-editor panel-first-child panel-last-child\" data-index=\"4\" ><div\n\t\t\t\n\t\t\tclass=\"so-widget-sow-editor so-widget-sow-editor-base\"\n\t\t\t\n\t\t>\n<div class=\"siteorigin-widget-tinymce textwidget\">\n\t<h1 style=\"text-align: center;\"><strong>.beproud!<\/strong><\/h1>\n<p style=\"text-align: center;\">R\u00e9seau SOGIE ( sexual orientation, \u00a0gender Identity expression) qui s'adresse \u00e0 \u00a0tous les membres du personnel des services publics f\u00e9d\u00e9raux qui s'identifient comme LGBT ou qui ont des affinit\u00e9s avec le r\u00e9seau et partagent ses ambitions. Trainbow Belgium est affili\u00e9 \u00e0 .beproud!<\/p>\n<\/div>\n<\/div><\/div><\/div><div id=\"pgc-267-1-2\"  class=\"panel-grid-cell\" ><div id=\"panel-267-1-2-0\" class=\"so-panel widget widget_sow-image panel-first-child panel-last-child\" data-index=\"5\" ><div\n\t\t\t\n\t\t\tclass=\"so-widget-sow-image so-widget-sow-image-default-8b5b6f678277-267\"\n\t\t\t\n\t\t>\n<div class=\"sow-image-container\">\n\t\t<img loading=\"lazy\" \n\tsrc=\"https:\/\/www.trainbowbelgium.be\/wp-content\/uploads\/2025\/11\/Trainbow-ProRail-logo-variant-2023.jpg\" width=\"1370\" height=\"854\" srcset=\"https:\/\/www.trainbowbelgium.be\/wp-content\/uploads\/2025\/11\/Trainbow-ProRail-logo-variant-2023.jpg 1370w, https:\/\/www.trainbowbelgium.be\/wp-content\/uploads\/2025\/11\/Trainbow-ProRail-logo-variant-2023-300x187.jpg 300w, https:\/\/www.trainbowbelgium.be\/wp-content\/uploads\/2025\/11\/Trainbow-ProRail-logo-variant-2023-1024x638.jpg 1024w, https:\/\/www.trainbowbelgium.be\/wp-content\/uploads\/2025\/11\/Trainbow-ProRail-logo-variant-2023-768x479.jpg 768w, https:\/\/www.trainbowbelgium.be\/wp-content\/uploads\/2025\/11\/Trainbow-ProRail-logo-variant-2023-600x374.jpg 600w\" sizes=\"(max-width: 1370px) 100vw, 1370px\" title=\"Trainbow ProRail\" alt=\"\" \t\tclass=\"so-widget-image\"\/>\n\t<\/div>\n\n<h3 class=\"widget-title\">Trainbow ProRail<\/h3><\/div><\/div><\/div><\/div><\/div>","protected":false},"excerpt":{"rendered":"<p>\u00e7avariaOrganisation qui d\u00e9fend les int\u00e9r\u00eats de la communaut\u00e9 holebi et transgenre des r\u00e9gions flamandes et bruxelloises. \u00c7avaria regroupe plus de [&hellip;]<\/p>\n","protected":false},"author":1,"featured_media":0,"parent":0,"menu_order":0,"comment_status":"closed","ping_status":"closed","template":"","meta":{"site-sidebar-layout":"default","site-content-layout":"","ast-site-content-layout":"default","site-content-style":"default","site-sidebar-style":"default","ast-global-header-display":"","ast-banner-title-visibility":"","ast-main-header-display":"","ast-hfb-above-header-display":"","ast-hfb-below-header-display":"","ast-hfb-mobile-header-display":"","site-post-title":"","ast-breadcrumbs-content":"","ast-featured-img":"","footer-sml-layout":"","ast-disable-related-posts":"","theme-transparent-header-meta":"default","adv-header-id-meta":"","stick-header-meta":"","header-above-stick-meta":"","header-main-stick-meta":"","header-below-stick-meta":"","astra-migrate-meta-layouts":"set","ast-page-background-enabled":"default","ast-page-background-meta":{"desktop":{"background-color":"var(--ast-global-color-4)","background-image":"","background-repeat":"repeat","background-position":"center center","background-size":"auto","background-attachment":"scroll","background-type":"","background-media":"","overlay-type":"","overlay-color":"","overlay-opacity":"","overlay-gradient":""},"tablet":{"background-color":"","background-image":"","background-repeat":"repeat","background-position":"center center","background-size":"auto","background-attachment":"scroll","background-type":"","background-media":"","overlay-type":"","overlay-color":"","overlay-opacity":"","overlay-gradient":""},"mobile":{"background-color":"","background-image":"","background-repeat":"repeat","background-position":"center center","background-size":"auto","background-attachment":"scroll","background-type":"","background-media":"","overlay-type":"","overlay-color":"","overlay-opacity":"","overlay-gradient":""}},"ast-content-background-meta":{"desktop":{"background-color":"var(--ast-global-color-5)","background-image":"","background-repeat":"repeat","background-position":"center center","background-size":"auto","background-attachment":"scroll","background-type":"","background-media":"","overlay-type":"","overlay-color":"","overlay-opacity":"","overlay-gradient":""},"tablet":{"background-color":"var(--ast-global-color-5)","background-image":"","background-repeat":"repeat","background-position":"center center","background-size":"auto","background-attachment":"scroll","background-type":"","background-media":"","overlay-type":"","overlay-color":"","overlay-opacity":"","overlay-gradient":""},"mobile":{"background-color":"var(--ast-global-color-5)","background-image":"","background-repeat":"repeat","background-position":"center center","background-size":"auto","background-attachment":"scroll","background-type":"","background-media":"","overlay-type":"","overlay-color":"","overlay-opacity":"","overlay-gradient":""}},"footnotes":"","_links_to":"","_links_to_target":""},"class_list":["post-267","page","type-page","status-publish","hentry"],"yoast_head":"<!-- This site is optimized with the Yoast SEO plugin v27.5 - https:\/\/yoast.com\/product\/yoast-seo-wordpress\/ -->\n<title>Partners - Trainbow Belgium vzw<\/title>\n<meta name=\"robots\" content=\"index, follow, max-snippet:-1, max-image-preview:large, max-video-preview:-1\" \/>\n<link rel=\"canonical\" href=\"https:\/\/www.trainbowbelgium.be\/fr\/partners\/\" \/>\n<meta property=\"og:locale\" content=\"fr_FR\" \/>\n<meta property=\"og:type\" content=\"article\" \/>\n<meta property=\"og:title\" content=\"Partners - Trainbow Belgium vzw\" \/>\n<meta property=\"og:description\" content=\"\u00e7avariaOrganisation qui d\u00e9fend les int\u00e9r\u00eats de la communaut\u00e9 holebi et transgenre des r\u00e9gions flamandes et bruxelloises. \u00c7avaria regroupe plus de [&hellip;]\" \/>\n<meta property=\"og:url\" content=\"https:\/\/www.trainbowbelgium.be\/fr\/partners\/\" \/>\n<meta property=\"og:site_name\" content=\"Trainbow Belgium vzw\" \/>\n<meta property=\"article:publisher\" content=\"https:\/\/www.facebook.com\/TrainbowBelgium\" \/>\n<meta property=\"article:modified_time\" content=\"2025-11-29T05:48:21+00:00\" \/>\n<meta property=\"og:image\" content=\"https:\/\/www.trainbowbelgium.be\/wp-content\/uploads\/2017\/04\/Trainbow-belgium-facebook.png\" \/>\n\t<meta property=\"og:image:width\" content=\"2048\" \/>\n\t<meta property=\"og:image:height\" content=\"1070\" \/>\n\t<meta property=\"og:image:type\" content=\"image\/png\" \/>\n<meta name=\"twitter:card\" content=\"summary_large_image\" \/>\n<meta name=\"twitter:site\" content=\"@TrainbowBelgium\" \/>\n<meta name=\"twitter:label1\" content=\"Dur\u00e9e de lecture estim\u00e9e\" \/>\n\t<meta name=\"twitter:data1\" content=\"2 minutes\" \/>\n<script type=\"application\/ld+json\" class=\"yoast-schema-graph\">{\"@context\":\"https:\\\/\\\/schema.org\",\"@graph\":[{\"@type\":\"WebPage\",\"@id\":\"https:\\\/\\\/www.trainbowbelgium.be\\\/fr\\\/partners\\\/\",\"url\":\"https:\\\/\\\/www.trainbowbelgium.be\\\/fr\\\/partners\\\/\",\"name\":\"Partners - Trainbow Belgium vzw\",\"isPartOf\":{\"@id\":\"https:\\\/\\\/www.trainbowbelgium.be\\\/fr\\\/#website\"},\"datePublished\":\"2017-04-12T15:10:47+00:00\",\"dateModified\":\"2025-11-29T05:48:21+00:00\",\"breadcrumb\":{\"@id\":\"https:\\\/\\\/www.trainbowbelgium.be\\\/fr\\\/partners\\\/#breadcrumb\"},\"inLanguage\":\"fr-FR\",\"potentialAction\":[{\"@type\":\"ReadAction\",\"target\":[\"https:\\\/\\\/www.trainbowbelgium.be\\\/fr\\\/partners\\\/\"]}]},{\"@type\":\"BreadcrumbList\",\"@id\":\"https:\\\/\\\/www.trainbowbelgium.be\\\/fr\\\/partners\\\/#breadcrumb\",\"itemListElement\":[{\"@type\":\"ListItem\",\"position\":1,\"name\":\"Home\",\"item\":\"https:\\\/\\\/www.trainbowbelgium.be\\\/fr\\\/bienvenue-2\\\/\"},{\"@type\":\"ListItem\",\"position\":2,\"name\":\"Partners\"}]},{\"@type\":\"WebSite\",\"@id\":\"https:\\\/\\\/www.trainbowbelgium.be\\\/fr\\\/#website\",\"url\":\"https:\\\/\\\/www.trainbowbelgium.be\\\/fr\\\/\",\"name\":\"Trainbow Belgium vzw\",\"description\":\"For LGBT&#039;s working at the Belgian railway companies\",\"publisher\":{\"@id\":\"https:\\\/\\\/www.trainbowbelgium.be\\\/fr\\\/#organization\"},\"potentialAction\":[{\"@type\":\"SearchAction\",\"target\":{\"@type\":\"EntryPoint\",\"urlTemplate\":\"https:\\\/\\\/www.trainbowbelgium.be\\\/fr\\\/?s={search_term_string}\"},\"query-input\":{\"@type\":\"PropertyValueSpecification\",\"valueRequired\":true,\"valueName\":\"search_term_string\"}}],\"inLanguage\":\"fr-FR\"},{\"@type\":\"Organization\",\"@id\":\"https:\\\/\\\/www.trainbowbelgium.be\\\/fr\\\/#organization\",\"name\":\"Trainbow Belgium vzw\",\"url\":\"https:\\\/\\\/www.trainbowbelgium.be\\\/fr\\\/\",\"logo\":{\"@type\":\"ImageObject\",\"inLanguage\":\"fr-FR\",\"@id\":\"https:\\\/\\\/www.trainbowbelgium.be\\\/fr\\\/#\\\/schema\\\/logo\\\/image\\\/\",\"url\":\"https:\\\/\\\/www.trainbowbelgium.be\\\/wp-content\\\/uploads\\\/2017\\\/03\\\/Trainbow-belgium.png\",\"contentUrl\":\"https:\\\/\\\/www.trainbowbelgium.be\\\/wp-content\\\/uploads\\\/2017\\\/03\\\/Trainbow-belgium.png\",\"width\":2337,\"height\":579,\"caption\":\"Trainbow Belgium vzw\"},\"image\":{\"@id\":\"https:\\\/\\\/www.trainbowbelgium.be\\\/fr\\\/#\\\/schema\\\/logo\\\/image\\\/\"},\"sameAs\":[\"https:\\\/\\\/www.facebook.com\\\/TrainbowBelgium\",\"https:\\\/\\\/x.com\\\/TrainbowBelgium\"]}]}<\/script>\n<!-- \/ Yoast SEO plugin. -->","yoast_head_json":{"title":"Partners - Trainbow Belgium vzw","robots":{"index":"index","follow":"follow","max-snippet":"max-snippet:-1","max-image-preview":"max-image-preview:large","max-video-preview":"max-video-preview:-1"},"canonical":"https:\/\/www.trainbowbelgium.be\/fr\/partners\/","og_locale":"fr_FR","og_type":"article","og_title":"Partners - Trainbow Belgium vzw","og_description":"\u00e7avariaOrganisation qui d\u00e9fend les int\u00e9r\u00eats de la communaut\u00e9 holebi et transgenre des r\u00e9gions flamandes et bruxelloises. \u00c7avaria regroupe plus de [&hellip;]","og_url":"https:\/\/www.trainbowbelgium.be\/fr\/partners\/","og_site_name":"Trainbow Belgium vzw","article_publisher":"https:\/\/www.facebook.com\/TrainbowBelgium","article_modified_time":"2025-11-29T05:48:21+00:00","og_image":[{"width":2048,"height":1070,"url":"https:\/\/www.trainbowbelgium.be\/wp-content\/uploads\/2017\/04\/Trainbow-belgium-facebook.png","type":"image\/png"}],"twitter_card":"summary_large_image","twitter_site":"@TrainbowBelgium","twitter_misc":{"Dur\u00e9e de lecture estim\u00e9e":"2 minutes"},"schema":{"@context":"https:\/\/schema.org","@graph":[{"@type":"WebPage","@id":"https:\/\/www.trainbowbelgium.be\/fr\/partners\/","url":"https:\/\/www.trainbowbelgium.be\/fr\/partners\/","name":"Partners - Trainbow Belgium vzw","isPartOf":{"@id":"https:\/\/www.trainbowbelgium.be\/fr\/#website"},"datePublished":"2017-04-12T15:10:47+00:00","dateModified":"2025-11-29T05:48:21+00:00","breadcrumb":{"@id":"https:\/\/www.trainbowbelgium.be\/fr\/partners\/#breadcrumb"},"inLanguage":"fr-FR","potentialAction":[{"@type":"ReadAction","target":["https:\/\/www.trainbowbelgium.be\/fr\/partners\/"]}]},{"@type":"BreadcrumbList","@id":"https:\/\/www.trainbowbelgium.be\/fr\/partners\/#breadcrumb","itemListElement":[{"@type":"ListItem","position":1,"name":"Home","item":"https:\/\/www.trainbowbelgium.be\/fr\/bienvenue-2\/"},{"@type":"ListItem","position":2,"name":"Partners"}]},{"@type":"WebSite","@id":"https:\/\/www.trainbowbelgium.be\/fr\/#website","url":"https:\/\/www.trainbowbelgium.be\/fr\/","name":"Trainbow Belgium vzw","description":"For LGBT&#039;s working at the Belgian railway companies","publisher":{"@id":"https:\/\/www.trainbowbelgium.be\/fr\/#organization"},"potentialAction":[{"@type":"SearchAction","target":{"@type":"EntryPoint","urlTemplate":"https:\/\/www.trainbowbelgium.be\/fr\/?s={search_term_string}"},"query-input":{"@type":"PropertyValueSpecification","valueRequired":true,"valueName":"search_term_string"}}],"inLanguage":"fr-FR"},{"@type":"Organization","@id":"https:\/\/www.trainbowbelgium.be\/fr\/#organization","name":"Trainbow Belgium vzw","url":"https:\/\/www.trainbowbelgium.be\/fr\/","logo":{"@type":"ImageObject","inLanguage":"fr-FR","@id":"https:\/\/www.trainbowbelgium.be\/fr\/#\/schema\/logo\/image\/","url":"https:\/\/www.trainbowbelgium.be\/wp-content\/uploads\/2017\/03\/Trainbow-belgium.png","contentUrl":"https:\/\/www.trainbowbelgium.be\/wp-content\/uploads\/2017\/03\/Trainbow-belgium.png","width":2337,"height":579,"caption":"Trainbow Belgium vzw"},"image":{"@id":"https:\/\/www.trainbowbelgium.be\/fr\/#\/schema\/logo\/image\/"},"sameAs":["https:\/\/www.facebook.com\/TrainbowBelgium","https:\/\/x.com\/TrainbowBelgium"]}]}},"_links":{"self":[{"href":"https:\/\/www.trainbowbelgium.be\/fr\/wp-json\/wp\/v2\/pages\/267","targetHints":{"allow":["GET"]}}],"collection":[{"href":"https:\/\/www.trainbowbelgium.be\/fr\/wp-json\/wp\/v2\/pages"}],"about":[{"href":"https:\/\/www.trainbowbelgium.be\/fr\/wp-json\/wp\/v2\/types\/page"}],"author":[{"embeddable":true,"href":"https:\/\/www.trainbowbelgium.be\/fr\/wp-json\/wp\/v2\/users\/1"}],"replies":[{"embeddable":true,"href":"https:\/\/www.trainbowbelgium.be\/fr\/wp-json\/wp\/v2\/comments?post=267"}],"version-history":[{"count":18,"href":"https:\/\/www.trainbowbelgium.be\/fr\/wp-json\/wp\/v2\/pages\/267\/revisions"}],"predecessor-version":[{"id":2856,"href":"https:\/\/www.trainbowbelgium.be\/fr\/wp-json\/wp\/v2\/pages\/267\/revisions\/2856"}],"wp:attachment":[{"href":"https:\/\/www.trainbowbelgium.be\/fr\/wp-json\/wp\/v2\/media?parent=267"}],"curies":[{"name":"wp","href":"https:\/\/api.w.org\/{rel}","templated":true}]}}