{"id":673,"date":"2018-05-14T16:33:56","date_gmt":"2018-05-14T14:33:56","guid":{"rendered":"https:\/\/www.trainbowbelgium.be\/?page_id=673"},"modified":"2019-04-15T10:33:09","modified_gmt":"2019-04-15T08:33:09","slug":"privacy","status":"publish","type":"page","link":"https:\/\/www.trainbowbelgium.be\/fr\/privacy\/","title":{"rendered":"D\u00e9claration de confidentialit\u00e9"},"content":{"rendered":"<h2>Protection de vos donn\u00e9es personnelles<\/h2>\n<p>Trainbow Belgium asbl se soucie de votre vie priv\u00e9e ; c\u2019est pourquoi nous traitons vos donn\u00e9es personnelles sur base de la relation contractuelle qui d\u00e9coule de votre inscription avec le plus grand soin conform\u00e9ment \u00e0 la R\u00e9glementation europ\u00e9enne sur la protection des donn\u00e9es du 27 avril 2016 (GDPR, General Data Protection Regulation).<\/p>\n<h2>Quelles donn\u00e9es recueillons-nous et pourquoi<\/h2>\n<p>Sur base du consentement qui d\u00e9coule de votre inscription, nous conservons un certain nombre de donn\u00e9es personnelles pour vous tenir inform\u00e9 de nos activit\u00e9s. Ces donn\u00e9es sont votre adresse, nom, e-mail, date de naissance, langue et \u00e9ventuellement num\u00e9ro de t\u00e9l\u00e9phone et votre employeur.<br \/>\nSeuls les membres du conseil d&rsquo;administration de Trainbow Belgium asbl ont acc\u00e8s au stockage de donn\u00e9es s\u00e9curis\u00e9 par Google.<br \/>\nTrainbow Belgium asbl conserve les donn\u00e9es personnelles de ses membres jusqu&rsquo;\u00e0 un an apr\u00e8s la fin de leur adh\u00e9sion.<br \/>\nLes images de nos activit\u00e9s restent dans les archives pour une dur\u00e9e maximale de dix ans et ne sont disponibles que sur notre propre site Web et le groupe Facebook ferm\u00e9 accessible aux membres.<br \/>\nEn outre, Trainbow Belgium asbl \u00e9value sa politique de confidentialit\u00e9 chaque ann\u00e9e au d\u00e9but de l\u2019ann\u00e9e civile.<\/p>\n<h3>Cookies<\/h3>\n<p>Notre site internet utilise \u00e9galement des \u00ab\u00a0cookies\u00a0\u00bb (fichiers texte plac\u00e9s sur l&rsquo;ordinateur), en partie pour analyser nos visiteurs, en partie pour en faciliter l&rsquo;utilisation.<\/p>\n<p>Les informations g\u00e9n\u00e9r\u00e9es par les cookies concernant l&rsquo;utilisation du site Internet pouvant \u00eatre transf\u00e9r\u00e9es sur nos propres serveurs s\u00e9curis\u00e9s ou ceux d&rsquo;un tiers. Nous utilisons ces informations pour suivre comment un visiteur utilise le site web.<\/p>\n<p>Si vous le souhaitez, vous pouvez d\u00e9sactiver ses cookies, mais il est possible que certaines ou l&rsquo;ensemble des fonctions et services, de notre site web et d&rsquo;autres sites web, ne fonctionnent pas correctement lorsque les cookies sont d\u00e9sactiv\u00e9s dans le navigateur.<\/p>\n<p>Pour certains services externes, nous devons \u00e9galement activer des cookies suppl\u00e9mentaires sur notre site. Les services que nous pouvons utiliser comprennent les progiciels CRM, les m\u00e9dias sociaux, les statistiques sur les visiteurs et la streaming vid\u00e9o. \u00c0 cette fin, nous coop\u00e9rons avec des tiers tels que, mais sans s&rsquo;y limiter, Facebook, Twitter, YouTube, Google (Plus, Maps, Analytics, Adwords), Bing, AddThis, &#8230;.<\/p>\n<h2>Acc\u00e8s \u00e0 vos donn\u00e9es personnelles<\/h2>\n<p>Vous pouvez consulter les donn\u00e9es que Trainbow Belgium asbl conserve \u00e0 votre sujet sur simple demande par e-mail \u00e0 contact@trainbowbelgium.be<br \/>\nVous pouvez \u00e9galement demander de modifier ou supprimer vos donn\u00e9es via cette adresse mail. Vous avez \u00e9galement un droit de plainte aupr\u00e8s de la Commission de la protection de la vie priv\u00e9e.<\/p>\n<h2>Transfert \u00e0 des tiers<\/h2>\n<p>Trainbow Belgium asbl ne partage vos donn\u00e9es personnelles avec des tiers que si cela est n\u00e9cessaire pour nos activit\u00e9s avec les membres. Nous travaillons avec \u00c7avaria pour que nos membres puissent profiter des avantages du Pass \u00c7avaria et de l&rsquo;assurance qui couvre nos activit\u00e9s.<\/p>\n<h2>Transfert vers un pays tiers<\/h2>\n<p>Trainbow Belgium asbl utilise les services de stockage de Google et de Facebook pour le stockage de ses donn\u00e9es. Les services de Google et Facebook sont conformes au GDPR.<\/p>\n<h2>Modification de la d\u00e9claration de confidentialit\u00e9<\/h2>\n<p>Trainbow Belgium asbl peut d\u00e9cider de changer cette d\u00e9claration de confidentialit\u00e9. Dans le cas d&rsquo;un changement, une annonce sera publi\u00e9e sur le site.<\/p>\n","protected":false},"excerpt":{"rendered":"<p>Protection de vos donn\u00e9es personnelles Trainbow Belgium asbl se soucie de votre vie priv\u00e9e ; c\u2019est pourquoi nous traitons vos [&hellip;]<\/p>\n","protected":false},"author":1,"featured_media":0,"parent":0,"menu_order":0,"comment_status":"closed","ping_status":"closed","template":"templates\/template-full.php","meta":{"site-sidebar-layout":"default","site-content-layout":"","ast-site-content-layout":"default","site-content-style":"default","site-sidebar-style":"default","ast-global-header-display":"","ast-banner-title-visibility":"","ast-main-header-display":"","ast-hfb-above-header-display":"","ast-hfb-below-header-display":"","ast-hfb-mobile-header-display":"","site-post-title":"","ast-breadcrumbs-content":"","ast-featured-img":"","footer-sml-layout":"","ast-disable-related-posts":"","theme-transparent-header-meta":"","adv-header-id-meta":"","stick-header-meta":"","header-above-stick-meta":"","header-main-stick-meta":"","header-below-stick-meta":"","astra-migrate-meta-layouts":"default","ast-page-background-enabled":"default","ast-page-background-meta":{"desktop":{"background-color":"var(--ast-global-color-4)","background-image":"","background-repeat":"repeat","background-position":"center center","background-size":"auto","background-attachment":"scroll","background-type":"","background-media":"","overlay-type":"","overlay-color":"","overlay-opacity":"","overlay-gradient":""},"tablet":{"background-color":"","background-image":"","background-repeat":"repeat","background-position":"center center","background-size":"auto","background-attachment":"scroll","background-type":"","background-media":"","overlay-type":"","overlay-color":"","overlay-opacity":"","overlay-gradient":""},"mobile":{"background-color":"","background-image":"","background-repeat":"repeat","background-position":"center center","background-size":"auto","background-attachment":"scroll","background-type":"","background-media":"","overlay-type":"","overlay-color":"","overlay-opacity":"","overlay-gradient":""}},"ast-content-background-meta":{"desktop":{"background-color":"var(--ast-global-color-5)","background-image":"","background-repeat":"repeat","background-position":"center center","background-size":"auto","background-attachment":"scroll","background-type":"","background-media":"","overlay-type":"","overlay-color":"","overlay-opacity":"","overlay-gradient":""},"tablet":{"background-color":"var(--ast-global-color-5)","background-image":"","background-repeat":"repeat","background-position":"center center","background-size":"auto","background-attachment":"scroll","background-type":"","background-media":"","overlay-type":"","overlay-color":"","overlay-opacity":"","overlay-gradient":""},"mobile":{"background-color":"var(--ast-global-color-5)","background-image":"","background-repeat":"repeat","background-position":"center center","background-size":"auto","background-attachment":"scroll","background-type":"","background-media":"","overlay-type":"","overlay-color":"","overlay-opacity":"","overlay-gradient":""}},"footnotes":"","_links_to":"","_links_to_target":""},"class_list":["post-673","page","type-page","status-publish","hentry"],"yoast_head":"<!-- This site is optimized with the Yoast SEO plugin v27.5 - https:\/\/yoast.com\/product\/yoast-seo-wordpress\/ -->\n<title>D\u00e9claration de confidentialit\u00e9 - Trainbow Belgium vzw<\/title>\n<meta name=\"robots\" content=\"index, follow, max-snippet:-1, max-image-preview:large, max-video-preview:-1\" \/>\n<link rel=\"canonical\" href=\"https:\/\/www.trainbowbelgium.be\/fr\/privacy\/\" \/>\n<meta property=\"og:locale\" content=\"fr_FR\" \/>\n<meta property=\"og:type\" content=\"article\" \/>\n<meta property=\"og:title\" content=\"D\u00e9claration de confidentialit\u00e9 - Trainbow Belgium vzw\" \/>\n<meta property=\"og:description\" content=\"Protection de vos donn\u00e9es personnelles Trainbow Belgium asbl se soucie de votre vie priv\u00e9e ; c\u2019est pourquoi nous traitons vos [&hellip;]\" \/>\n<meta property=\"og:url\" content=\"https:\/\/www.trainbowbelgium.be\/fr\/privacy\/\" \/>\n<meta property=\"og:site_name\" content=\"Trainbow Belgium vzw\" \/>\n<meta property=\"article:publisher\" content=\"https:\/\/www.facebook.com\/TrainbowBelgium\" \/>\n<meta property=\"article:modified_time\" content=\"2019-04-15T08:33:09+00:00\" \/>\n<meta property=\"og:image\" content=\"https:\/\/www.trainbowbelgium.be\/wp-content\/uploads\/2017\/04\/Trainbow-belgium-facebook.png\" \/>\n\t<meta property=\"og:image:width\" content=\"2048\" \/>\n\t<meta property=\"og:image:height\" content=\"1070\" \/>\n\t<meta property=\"og:image:type\" content=\"image\/png\" \/>\n<meta name=\"twitter:card\" content=\"summary_large_image\" \/>\n<meta name=\"twitter:site\" content=\"@TrainbowBelgium\" \/>\n<meta name=\"twitter:label1\" content=\"Dur\u00e9e de lecture estim\u00e9e\" \/>\n\t<meta name=\"twitter:data1\" content=\"3 minutes\" \/>\n<script type=\"application\/ld+json\" class=\"yoast-schema-graph\">{\"@context\":\"https:\\\/\\\/schema.org\",\"@graph\":[{\"@type\":\"WebPage\",\"@id\":\"https:\\\/\\\/www.trainbowbelgium.be\\\/fr\\\/privacy\\\/\",\"url\":\"https:\\\/\\\/www.trainbowbelgium.be\\\/fr\\\/privacy\\\/\",\"name\":\"D\u00e9claration de confidentialit\u00e9 - Trainbow Belgium vzw\",\"isPartOf\":{\"@id\":\"https:\\\/\\\/www.trainbowbelgium.be\\\/fr\\\/#website\"},\"datePublished\":\"2018-05-14T14:33:56+00:00\",\"dateModified\":\"2019-04-15T08:33:09+00:00\",\"breadcrumb\":{\"@id\":\"https:\\\/\\\/www.trainbowbelgium.be\\\/fr\\\/privacy\\\/#breadcrumb\"},\"inLanguage\":\"fr-FR\",\"potentialAction\":[{\"@type\":\"ReadAction\",\"target\":[\"https:\\\/\\\/www.trainbowbelgium.be\\\/fr\\\/privacy\\\/\"]}]},{\"@type\":\"BreadcrumbList\",\"@id\":\"https:\\\/\\\/www.trainbowbelgium.be\\\/fr\\\/privacy\\\/#breadcrumb\",\"itemListElement\":[{\"@type\":\"ListItem\",\"position\":1,\"name\":\"Home\",\"item\":\"https:\\\/\\\/www.trainbowbelgium.be\\\/fr\\\/bienvenue-2\\\/\"},{\"@type\":\"ListItem\",\"position\":2,\"name\":\"D\u00e9claration de confidentialit\u00e9\"}]},{\"@type\":\"WebSite\",\"@id\":\"https:\\\/\\\/www.trainbowbelgium.be\\\/fr\\\/#website\",\"url\":\"https:\\\/\\\/www.trainbowbelgium.be\\\/fr\\\/\",\"name\":\"Trainbow Belgium vzw\",\"description\":\"For LGBT&#039;s working at the Belgian railway companies\",\"publisher\":{\"@id\":\"https:\\\/\\\/www.trainbowbelgium.be\\\/fr\\\/#organization\"},\"potentialAction\":[{\"@type\":\"SearchAction\",\"target\":{\"@type\":\"EntryPoint\",\"urlTemplate\":\"https:\\\/\\\/www.trainbowbelgium.be\\\/fr\\\/?s={search_term_string}\"},\"query-input\":{\"@type\":\"PropertyValueSpecification\",\"valueRequired\":true,\"valueName\":\"search_term_string\"}}],\"inLanguage\":\"fr-FR\"},{\"@type\":\"Organization\",\"@id\":\"https:\\\/\\\/www.trainbowbelgium.be\\\/fr\\\/#organization\",\"name\":\"Trainbow Belgium vzw\",\"url\":\"https:\\\/\\\/www.trainbowbelgium.be\\\/fr\\\/\",\"logo\":{\"@type\":\"ImageObject\",\"inLanguage\":\"fr-FR\",\"@id\":\"https:\\\/\\\/www.trainbowbelgium.be\\\/fr\\\/#\\\/schema\\\/logo\\\/image\\\/\",\"url\":\"https:\\\/\\\/www.trainbowbelgium.be\\\/wp-content\\\/uploads\\\/2017\\\/03\\\/Trainbow-belgium.png\",\"contentUrl\":\"https:\\\/\\\/www.trainbowbelgium.be\\\/wp-content\\\/uploads\\\/2017\\\/03\\\/Trainbow-belgium.png\",\"width\":2337,\"height\":579,\"caption\":\"Trainbow Belgium vzw\"},\"image\":{\"@id\":\"https:\\\/\\\/www.trainbowbelgium.be\\\/fr\\\/#\\\/schema\\\/logo\\\/image\\\/\"},\"sameAs\":[\"https:\\\/\\\/www.facebook.com\\\/TrainbowBelgium\",\"https:\\\/\\\/x.com\\\/TrainbowBelgium\"]}]}<\/script>\n<!-- \/ Yoast SEO plugin. -->","yoast_head_json":{"title":"D\u00e9claration de confidentialit\u00e9 - Trainbow Belgium vzw","robots":{"index":"index","follow":"follow","max-snippet":"max-snippet:-1","max-image-preview":"max-image-preview:large","max-video-preview":"max-video-preview:-1"},"canonical":"https:\/\/www.trainbowbelgium.be\/fr\/privacy\/","og_locale":"fr_FR","og_type":"article","og_title":"D\u00e9claration de confidentialit\u00e9 - Trainbow Belgium vzw","og_description":"Protection de vos donn\u00e9es personnelles Trainbow Belgium asbl se soucie de votre vie priv\u00e9e ; c\u2019est pourquoi nous traitons vos [&hellip;]","og_url":"https:\/\/www.trainbowbelgium.be\/fr\/privacy\/","og_site_name":"Trainbow Belgium vzw","article_publisher":"https:\/\/www.facebook.com\/TrainbowBelgium","article_modified_time":"2019-04-15T08:33:09+00:00","og_image":[{"width":2048,"height":1070,"url":"https:\/\/www.trainbowbelgium.be\/wp-content\/uploads\/2017\/04\/Trainbow-belgium-facebook.png","type":"image\/png"}],"twitter_card":"summary_large_image","twitter_site":"@TrainbowBelgium","twitter_misc":{"Dur\u00e9e de lecture estim\u00e9e":"3 minutes"},"schema":{"@context":"https:\/\/schema.org","@graph":[{"@type":"WebPage","@id":"https:\/\/www.trainbowbelgium.be\/fr\/privacy\/","url":"https:\/\/www.trainbowbelgium.be\/fr\/privacy\/","name":"D\u00e9claration de confidentialit\u00e9 - Trainbow Belgium vzw","isPartOf":{"@id":"https:\/\/www.trainbowbelgium.be\/fr\/#website"},"datePublished":"2018-05-14T14:33:56+00:00","dateModified":"2019-04-15T08:33:09+00:00","breadcrumb":{"@id":"https:\/\/www.trainbowbelgium.be\/fr\/privacy\/#breadcrumb"},"inLanguage":"fr-FR","potentialAction":[{"@type":"ReadAction","target":["https:\/\/www.trainbowbelgium.be\/fr\/privacy\/"]}]},{"@type":"BreadcrumbList","@id":"https:\/\/www.trainbowbelgium.be\/fr\/privacy\/#breadcrumb","itemListElement":[{"@type":"ListItem","position":1,"name":"Home","item":"https:\/\/www.trainbowbelgium.be\/fr\/bienvenue-2\/"},{"@type":"ListItem","position":2,"name":"D\u00e9claration de confidentialit\u00e9"}]},{"@type":"WebSite","@id":"https:\/\/www.trainbowbelgium.be\/fr\/#website","url":"https:\/\/www.trainbowbelgium.be\/fr\/","name":"Trainbow Belgium vzw","description":"For LGBT&#039;s working at the Belgian railway companies","publisher":{"@id":"https:\/\/www.trainbowbelgium.be\/fr\/#organization"},"potentialAction":[{"@type":"SearchAction","target":{"@type":"EntryPoint","urlTemplate":"https:\/\/www.trainbowbelgium.be\/fr\/?s={search_term_string}"},"query-input":{"@type":"PropertyValueSpecification","valueRequired":true,"valueName":"search_term_string"}}],"inLanguage":"fr-FR"},{"@type":"Organization","@id":"https:\/\/www.trainbowbelgium.be\/fr\/#organization","name":"Trainbow Belgium vzw","url":"https:\/\/www.trainbowbelgium.be\/fr\/","logo":{"@type":"ImageObject","inLanguage":"fr-FR","@id":"https:\/\/www.trainbowbelgium.be\/fr\/#\/schema\/logo\/image\/","url":"https:\/\/www.trainbowbelgium.be\/wp-content\/uploads\/2017\/03\/Trainbow-belgium.png","contentUrl":"https:\/\/www.trainbowbelgium.be\/wp-content\/uploads\/2017\/03\/Trainbow-belgium.png","width":2337,"height":579,"caption":"Trainbow Belgium vzw"},"image":{"@id":"https:\/\/www.trainbowbelgium.be\/fr\/#\/schema\/logo\/image\/"},"sameAs":["https:\/\/www.facebook.com\/TrainbowBelgium","https:\/\/x.com\/TrainbowBelgium"]}]}},"_links":{"self":[{"href":"https:\/\/www.trainbowbelgium.be\/fr\/wp-json\/wp\/v2\/pages\/673","targetHints":{"allow":["GET"]}}],"collection":[{"href":"https:\/\/www.trainbowbelgium.be\/fr\/wp-json\/wp\/v2\/pages"}],"about":[{"href":"https:\/\/www.trainbowbelgium.be\/fr\/wp-json\/wp\/v2\/types\/page"}],"author":[{"embeddable":true,"href":"https:\/\/www.trainbowbelgium.be\/fr\/wp-json\/wp\/v2\/users\/1"}],"replies":[{"embeddable":true,"href":"https:\/\/www.trainbowbelgium.be\/fr\/wp-json\/wp\/v2\/comments?post=673"}],"version-history":[{"count":5,"href":"https:\/\/www.trainbowbelgium.be\/fr\/wp-json\/wp\/v2\/pages\/673\/revisions"}],"predecessor-version":[{"id":1053,"href":"https:\/\/www.trainbowbelgium.be\/fr\/wp-json\/wp\/v2\/pages\/673\/revisions\/1053"}],"wp:attachment":[{"href":"https:\/\/www.trainbowbelgium.be\/fr\/wp-json\/wp\/v2\/media?parent=673"}],"curies":[{"name":"wp","href":"https:\/\/api.w.org\/{rel}","templated":true}]}}