{"id":2290,"date":"2023-10-21T18:00:31","date_gmt":"2023-10-20T08:19:33","guid":{"rendered":"https:\/\/www.trainbowbelgium.be\/?post_type=product&#038;p=2290"},"modified":"2024-11-15T12:31:30","modified_gmt":"2024-11-15T10:31:30","slug":"adhesion-soutenant-2","status":"publish","type":"product","link":"https:\/\/www.trainbowbelgium.be\/fr\/produit\/adhesion-soutenant-2\/","title":{"rendered":"Adh\u00e9sion soutenant 2"},"content":{"rendered":"<p>Apportez un soutien suppl\u00e9mentaire \u00e0 notre association et profitez des avantages.<\/p>\n<p>En guise de remerciement, vous recevrez 2 spaghettis gratuit lors de notre soir\u00e9e spaghetti ainsi qu&rsquo;un joli cadeau.<\/p>\n","protected":false},"excerpt":{"rendered":"<p>Adh\u00e9sion pendant 1 ann\u00e9e avec soutien suppl\u00e9mentaire<\/p>\n","protected":false},"featured_media":2002,"template":"","meta":{"site-sidebar-layout":"default","site-content-layout":"","ast-site-content-layout":"default","site-content-style":"default","site-sidebar-style":"default","ast-global-header-display":"","ast-banner-title-visibility":"","ast-main-header-display":"","ast-hfb-above-header-display":"","ast-hfb-below-header-display":"","ast-hfb-mobile-header-display":"","site-post-title":"","ast-breadcrumbs-content":"","ast-featured-img":"","footer-sml-layout":"","ast-disable-related-posts":"","theme-transparent-header-meta":"","adv-header-id-meta":"","stick-header-meta":"","header-above-stick-meta":"","header-main-stick-meta":"","header-below-stick-meta":"","astra-migrate-meta-layouts":"default","ast-page-background-enabled":"default","ast-page-background-meta":{"desktop":{"background-color":"var(--ast-global-color-4)","background-image":"","background-repeat":"repeat","background-position":"center center","background-size":"auto","background-attachment":"scroll","background-type":"","background-media":"","overlay-type":"","overlay-color":"","overlay-opacity":"","overlay-gradient":""},"tablet":{"background-color":"","background-image":"","background-repeat":"repeat","background-position":"center center","background-size":"auto","background-attachment":"scroll","background-type":"","background-media":"","overlay-type":"","overlay-color":"","overlay-opacity":"","overlay-gradient":""},"mobile":{"background-color":"","background-image":"","background-repeat":"repeat","background-position":"center center","background-size":"auto","background-attachment":"scroll","background-type":"","background-media":"","overlay-type":"","overlay-color":"","overlay-opacity":"","overlay-gradient":""}},"ast-content-background-meta":{"desktop":{"background-color":"var(--ast-global-color-5)","background-image":"","background-repeat":"repeat","background-position":"center center","background-size":"auto","background-attachment":"scroll","background-type":"","background-media":"","overlay-type":"","overlay-color":"","overlay-opacity":"","overlay-gradient":""},"tablet":{"background-color":"var(--ast-global-color-5)","background-image":"","background-repeat":"repeat","background-position":"center center","background-size":"auto","background-attachment":"scroll","background-type":"","background-media":"","overlay-type":"","overlay-color":"","overlay-opacity":"","overlay-gradient":""},"mobile":{"background-color":"var(--ast-global-color-5)","background-image":"","background-repeat":"repeat","background-position":"center center","background-size":"auto","background-attachment":"scroll","background-type":"","background-media":"","overlay-type":"","overlay-color":"","overlay-opacity":"","overlay-gradient":""}},"_links_to":"","_links_to_target":""},"product_brand":[],"product_cat":[37],"product_tag":[39],"class_list":{"0":"post-2290","1":"product","2":"type-product","3":"status-publish","4":"has-post-thumbnail","6":"product_cat-uncategorized-fr","7":"product_tag-adhesion","8":"product_shipping_class-lettre","9":"desktop-align-left","10":"tablet-align-left","11":"mobile-align-left","13":"first","14":"instock","15":"featured","16":"sold-individually","17":"shipping-taxable","18":"purchasable","19":"product-type-variable"},"yoast_head":"<!-- This site is optimized with the Yoast SEO plugin v27.5 - https:\/\/yoast.com\/product\/yoast-seo-wordpress\/ -->\n<title>Adh\u00e9sion soutenant 2 - Trainbow Belgium vzw<\/title>\n<meta name=\"robots\" content=\"index, follow, max-snippet:-1, max-image-preview:large, max-video-preview:-1\" \/>\n<link rel=\"canonical\" href=\"https:\/\/www.trainbowbelgium.be\/fr\/produit\/adhesion-soutenant-2\/\" \/>\n<meta property=\"og:locale\" content=\"fr_FR\" \/>\n<meta property=\"og:type\" content=\"article\" \/>\n<meta property=\"og:title\" content=\"Adh\u00e9sion soutenant 2 - Trainbow Belgium vzw\" \/>\n<meta property=\"og:description\" content=\"Adh\u00e9sion pendant 1 ann\u00e9e avec soutien suppl\u00e9mentaire\" \/>\n<meta property=\"og:url\" content=\"https:\/\/www.trainbowbelgium.be\/fr\/produit\/adhesion-soutenant-2\/\" \/>\n<meta property=\"og:site_name\" content=\"Trainbow Belgium vzw\" \/>\n<meta property=\"article:publisher\" content=\"https:\/\/www.facebook.com\/TrainbowBelgium\" \/>\n<meta property=\"article:modified_time\" content=\"2024-11-15T10:31:30+00:00\" \/>\n<meta property=\"og:image\" content=\"https:\/\/www.trainbowbelgium.be\/wp-content\/uploads\/2023\/01\/Trainbow-belgium-profile.png\" \/>\n\t<meta property=\"og:image:width\" content=\"3000\" \/>\n\t<meta property=\"og:image:height\" content=\"3000\" \/>\n\t<meta property=\"og:image:type\" content=\"image\/png\" \/>\n<meta name=\"twitter:card\" content=\"summary_large_image\" \/>\n<meta name=\"twitter:site\" content=\"@TrainbowBelgium\" \/>\n<meta name=\"twitter:label1\" content=\"Dur\u00e9e de lecture estim\u00e9e\" \/>\n\t<meta name=\"twitter:data1\" content=\"1 minute\" \/>\n<script type=\"application\/ld+json\" class=\"yoast-schema-graph\">{\"@context\":\"https:\\\/\\\/schema.org\",\"@graph\":[{\"@type\":\"WebPage\",\"@id\":\"https:\\\/\\\/www.trainbowbelgium.be\\\/fr\\\/produit\\\/adhesion-soutenant-2\\\/\",\"url\":\"https:\\\/\\\/www.trainbowbelgium.be\\\/fr\\\/produit\\\/adhesion-soutenant-2\\\/\",\"name\":\"Adh\u00e9sion soutenant 2 - Trainbow Belgium vzw\",\"isPartOf\":{\"@id\":\"https:\\\/\\\/www.trainbowbelgium.be\\\/fr\\\/#website\"},\"primaryImageOfPage\":{\"@id\":\"https:\\\/\\\/www.trainbowbelgium.be\\\/fr\\\/produit\\\/adhesion-soutenant-2\\\/#primaryimage\"},\"image\":{\"@id\":\"https:\\\/\\\/www.trainbowbelgium.be\\\/fr\\\/produit\\\/adhesion-soutenant-2\\\/#primaryimage\"},\"thumbnailUrl\":\"https:\\\/\\\/www.trainbowbelgium.be\\\/wp-content\\\/uploads\\\/2023\\\/01\\\/Trainbow-belgium-profile.png\",\"datePublished\":\"2023-10-20T08:19:33+00:00\",\"dateModified\":\"2024-11-15T10:31:30+00:00\",\"breadcrumb\":{\"@id\":\"https:\\\/\\\/www.trainbowbelgium.be\\\/fr\\\/produit\\\/adhesion-soutenant-2\\\/#breadcrumb\"},\"inLanguage\":\"fr-FR\",\"potentialAction\":[{\"@type\":\"ReadAction\",\"target\":[\"https:\\\/\\\/www.trainbowbelgium.be\\\/fr\\\/produit\\\/adhesion-soutenant-2\\\/\"]}]},{\"@type\":\"ImageObject\",\"inLanguage\":\"fr-FR\",\"@id\":\"https:\\\/\\\/www.trainbowbelgium.be\\\/fr\\\/produit\\\/adhesion-soutenant-2\\\/#primaryimage\",\"url\":\"https:\\\/\\\/www.trainbowbelgium.be\\\/wp-content\\\/uploads\\\/2023\\\/01\\\/Trainbow-belgium-profile.png\",\"contentUrl\":\"https:\\\/\\\/www.trainbowbelgium.be\\\/wp-content\\\/uploads\\\/2023\\\/01\\\/Trainbow-belgium-profile.png\",\"width\":3000,\"height\":3000},{\"@type\":\"BreadcrumbList\",\"@id\":\"https:\\\/\\\/www.trainbowbelgium.be\\\/fr\\\/produit\\\/adhesion-soutenant-2\\\/#breadcrumb\",\"itemListElement\":[{\"@type\":\"ListItem\",\"position\":1,\"name\":\"Home\",\"item\":\"https:\\\/\\\/www.trainbowbelgium.be\\\/fr\\\/bienvenue-2\\\/\"},{\"@type\":\"ListItem\",\"position\":2,\"name\":\"Boutique\",\"item\":\"https:\\\/\\\/www.trainbowbelgium.be\\\/fr\\\/boutique\\\/\"},{\"@type\":\"ListItem\",\"position\":3,\"name\":\"Adh\u00e9sion soutenant 2\"}]},{\"@type\":\"WebSite\",\"@id\":\"https:\\\/\\\/www.trainbowbelgium.be\\\/fr\\\/#website\",\"url\":\"https:\\\/\\\/www.trainbowbelgium.be\\\/fr\\\/\",\"name\":\"Trainbow Belgium vzw\",\"description\":\"For LGBT&#039;s working at the Belgian railway companies\",\"publisher\":{\"@id\":\"https:\\\/\\\/www.trainbowbelgium.be\\\/fr\\\/#organization\"},\"potentialAction\":[{\"@type\":\"SearchAction\",\"target\":{\"@type\":\"EntryPoint\",\"urlTemplate\":\"https:\\\/\\\/www.trainbowbelgium.be\\\/fr\\\/?s={search_term_string}\"},\"query-input\":{\"@type\":\"PropertyValueSpecification\",\"valueRequired\":true,\"valueName\":\"search_term_string\"}}],\"inLanguage\":\"fr-FR\"},{\"@type\":\"Organization\",\"@id\":\"https:\\\/\\\/www.trainbowbelgium.be\\\/fr\\\/#organization\",\"name\":\"Trainbow Belgium vzw\",\"url\":\"https:\\\/\\\/www.trainbowbelgium.be\\\/fr\\\/\",\"logo\":{\"@type\":\"ImageObject\",\"inLanguage\":\"fr-FR\",\"@id\":\"https:\\\/\\\/www.trainbowbelgium.be\\\/fr\\\/#\\\/schema\\\/logo\\\/image\\\/\",\"url\":\"https:\\\/\\\/www.trainbowbelgium.be\\\/wp-content\\\/uploads\\\/2017\\\/03\\\/Trainbow-belgium.png\",\"contentUrl\":\"https:\\\/\\\/www.trainbowbelgium.be\\\/wp-content\\\/uploads\\\/2017\\\/03\\\/Trainbow-belgium.png\",\"width\":2337,\"height\":579,\"caption\":\"Trainbow Belgium vzw\"},\"image\":{\"@id\":\"https:\\\/\\\/www.trainbowbelgium.be\\\/fr\\\/#\\\/schema\\\/logo\\\/image\\\/\"},\"sameAs\":[\"https:\\\/\\\/www.facebook.com\\\/TrainbowBelgium\",\"https:\\\/\\\/x.com\\\/TrainbowBelgium\"]}]}<\/script>\n<!-- \/ Yoast SEO plugin. -->","yoast_head_json":{"title":"Adh\u00e9sion soutenant 2 - Trainbow Belgium vzw","robots":{"index":"index","follow":"follow","max-snippet":"max-snippet:-1","max-image-preview":"max-image-preview:large","max-video-preview":"max-video-preview:-1"},"canonical":"https:\/\/www.trainbowbelgium.be\/fr\/produit\/adhesion-soutenant-2\/","og_locale":"fr_FR","og_type":"article","og_title":"Adh\u00e9sion soutenant 2 - Trainbow Belgium vzw","og_description":"Adh\u00e9sion pendant 1 ann\u00e9e avec soutien suppl\u00e9mentaire","og_url":"https:\/\/www.trainbowbelgium.be\/fr\/produit\/adhesion-soutenant-2\/","og_site_name":"Trainbow Belgium vzw","article_publisher":"https:\/\/www.facebook.com\/TrainbowBelgium","article_modified_time":"2024-11-15T10:31:30+00:00","og_image":[{"width":3000,"height":3000,"url":"https:\/\/www.trainbowbelgium.be\/wp-content\/uploads\/2023\/01\/Trainbow-belgium-profile.png","type":"image\/png"}],"twitter_card":"summary_large_image","twitter_site":"@TrainbowBelgium","twitter_misc":{"Dur\u00e9e de lecture estim\u00e9e":"1 minute"},"schema":{"@context":"https:\/\/schema.org","@graph":[{"@type":"WebPage","@id":"https:\/\/www.trainbowbelgium.be\/fr\/produit\/adhesion-soutenant-2\/","url":"https:\/\/www.trainbowbelgium.be\/fr\/produit\/adhesion-soutenant-2\/","name":"Adh\u00e9sion soutenant 2 - Trainbow Belgium vzw","isPartOf":{"@id":"https:\/\/www.trainbowbelgium.be\/fr\/#website"},"primaryImageOfPage":{"@id":"https:\/\/www.trainbowbelgium.be\/fr\/produit\/adhesion-soutenant-2\/#primaryimage"},"image":{"@id":"https:\/\/www.trainbowbelgium.be\/fr\/produit\/adhesion-soutenant-2\/#primaryimage"},"thumbnailUrl":"https:\/\/www.trainbowbelgium.be\/wp-content\/uploads\/2023\/01\/Trainbow-belgium-profile.png","datePublished":"2023-10-20T08:19:33+00:00","dateModified":"2024-11-15T10:31:30+00:00","breadcrumb":{"@id":"https:\/\/www.trainbowbelgium.be\/fr\/produit\/adhesion-soutenant-2\/#breadcrumb"},"inLanguage":"fr-FR","potentialAction":[{"@type":"ReadAction","target":["https:\/\/www.trainbowbelgium.be\/fr\/produit\/adhesion-soutenant-2\/"]}]},{"@type":"ImageObject","inLanguage":"fr-FR","@id":"https:\/\/www.trainbowbelgium.be\/fr\/produit\/adhesion-soutenant-2\/#primaryimage","url":"https:\/\/www.trainbowbelgium.be\/wp-content\/uploads\/2023\/01\/Trainbow-belgium-profile.png","contentUrl":"https:\/\/www.trainbowbelgium.be\/wp-content\/uploads\/2023\/01\/Trainbow-belgium-profile.png","width":3000,"height":3000},{"@type":"BreadcrumbList","@id":"https:\/\/www.trainbowbelgium.be\/fr\/produit\/adhesion-soutenant-2\/#breadcrumb","itemListElement":[{"@type":"ListItem","position":1,"name":"Home","item":"https:\/\/www.trainbowbelgium.be\/fr\/bienvenue-2\/"},{"@type":"ListItem","position":2,"name":"Boutique","item":"https:\/\/www.trainbowbelgium.be\/fr\/boutique\/"},{"@type":"ListItem","position":3,"name":"Adh\u00e9sion soutenant 2"}]},{"@type":"WebSite","@id":"https:\/\/www.trainbowbelgium.be\/fr\/#website","url":"https:\/\/www.trainbowbelgium.be\/fr\/","name":"Trainbow Belgium vzw","description":"For LGBT&#039;s working at the Belgian railway companies","publisher":{"@id":"https:\/\/www.trainbowbelgium.be\/fr\/#organization"},"potentialAction":[{"@type":"SearchAction","target":{"@type":"EntryPoint","urlTemplate":"https:\/\/www.trainbowbelgium.be\/fr\/?s={search_term_string}"},"query-input":{"@type":"PropertyValueSpecification","valueRequired":true,"valueName":"search_term_string"}}],"inLanguage":"fr-FR"},{"@type":"Organization","@id":"https:\/\/www.trainbowbelgium.be\/fr\/#organization","name":"Trainbow Belgium vzw","url":"https:\/\/www.trainbowbelgium.be\/fr\/","logo":{"@type":"ImageObject","inLanguage":"fr-FR","@id":"https:\/\/www.trainbowbelgium.be\/fr\/#\/schema\/logo\/image\/","url":"https:\/\/www.trainbowbelgium.be\/wp-content\/uploads\/2017\/03\/Trainbow-belgium.png","contentUrl":"https:\/\/www.trainbowbelgium.be\/wp-content\/uploads\/2017\/03\/Trainbow-belgium.png","width":2337,"height":579,"caption":"Trainbow Belgium vzw"},"image":{"@id":"https:\/\/www.trainbowbelgium.be\/fr\/#\/schema\/logo\/image\/"},"sameAs":["https:\/\/www.facebook.com\/TrainbowBelgium","https:\/\/x.com\/TrainbowBelgium"]}]}},"_links":{"self":[{"href":"https:\/\/www.trainbowbelgium.be\/fr\/wp-json\/wp\/v2\/product\/2290","targetHints":{"allow":["GET"]}}],"collection":[{"href":"https:\/\/www.trainbowbelgium.be\/fr\/wp-json\/wp\/v2\/product"}],"about":[{"href":"https:\/\/www.trainbowbelgium.be\/fr\/wp-json\/wp\/v2\/types\/product"}],"wp:featuredmedia":[{"embeddable":true,"href":"https:\/\/www.trainbowbelgium.be\/fr\/wp-json\/wp\/v2\/media\/2002"}],"wp:attachment":[{"href":"https:\/\/www.trainbowbelgium.be\/fr\/wp-json\/wp\/v2\/media?parent=2290"}],"wp:term":[{"taxonomy":"product_brand","embeddable":true,"href":"https:\/\/www.trainbowbelgium.be\/fr\/wp-json\/wp\/v2\/product_brand?post=2290"},{"taxonomy":"product_cat","embeddable":true,"href":"https:\/\/www.trainbowbelgium.be\/fr\/wp-json\/wp\/v2\/product_cat?post=2290"},{"taxonomy":"product_tag","embeddable":true,"href":"https:\/\/www.trainbowbelgium.be\/fr\/wp-json\/wp\/v2\/product_tag?post=2290"}],"curies":[{"name":"wp","href":"https:\/\/api.w.org\/{rel}","templated":true}]}}